{"id":1275,"date":"2024-07-07T01:46:19","date_gmt":"2024-07-06T23:46:19","guid":{"rendered":"https:\/\/laboratoriosluar.com\/about-us\/"},"modified":"2024-07-09T05:09:47","modified_gmt":"2024-07-09T03:09:47","slug":"about-us","status":"publish","type":"page","link":"https:\/\/laboratoriosluar.com\/en\/about-us\/","title":{"rendered":"About Us"},"content":{"rendered":"\t\t<div data-elementor-type=\"wp-page\" data-elementor-id=\"1275\" class=\"elementor elementor-1275 elementor-47\">\n\t\t\t\t<div class=\"elementor-element elementor-element-59e89c0 e-con-full e-flex e-con e-parent\" data-id=\"59e89c0\" data-element_type=\"container\" data-settings=\"{&quot;background_background&quot;:&quot;classic&quot;}\">\n\t\t<div class=\"elementor-element elementor-element-3e4f99c e-flex e-con-boxed e-con e-child\" data-id=\"3e4f99c\" data-element_type=\"container\">\n\t\t\t\t\t<div class=\"e-con-inner\">\n\t\t<div class=\"elementor-element elementor-element-656f460 e-flex e-con-boxed e-con e-child\" data-id=\"656f460\" data-element_type=\"container\">\n\t\t\t\t\t<div class=\"e-con-inner\">\n\t\t<div class=\"elementor-element elementor-element-6918c86 e-con-full glass-box e-flex e-con e-child\" data-id=\"6918c86\" data-element_type=\"container\" data-settings=\"{&quot;background_background&quot;:&quot;gradient&quot;}\">\n\t\t\t\t<div class=\"elementor-element elementor-element-bb0acb6 elementor-widget elementor-widget-heading\" data-id=\"bb0acb6\" data-element_type=\"widget\" data-widget_type=\"heading.default\">\n\t\t\t\t<div class=\"elementor-widget-container\">\n\t\t\t<style>\/*! elementor - v3.22.0 - 26-06-2024 *\/\n.elementor-heading-title{padding:0;margin:0;line-height:1}.elementor-widget-heading .elementor-heading-title[class*=elementor-size-]>a{color:inherit;font-size:inherit;line-height:inherit}.elementor-widget-heading .elementor-heading-title.elementor-size-small{font-size:15px}.elementor-widget-heading .elementor-heading-title.elementor-size-medium{font-size:19px}.elementor-widget-heading .elementor-heading-title.elementor-size-large{font-size:29px}.elementor-widget-heading .elementor-heading-title.elementor-size-xl{font-size:39px}.elementor-widget-heading .elementor-heading-title.elementor-size-xxl{font-size:59px}<\/style><h1 class=\"elementor-heading-title elementor-size-default\">About Laboratorios Luar<\/h1>\t\t<\/div>\n\t\t\t\t<\/div>\n\t\t\t\t<div class=\"elementor-element elementor-element-5d6cc11 elementor-widget elementor-widget-text-editor\" data-id=\"5d6cc11\" data-element_type=\"widget\" data-widget_type=\"text-editor.default\">\n\t\t\t\t<div class=\"elementor-widget-container\">\n\t\t\t<style>\/*! elementor - v3.22.0 - 26-06-2024 *\/\n.elementor-widget-text-editor.elementor-drop-cap-view-stacked .elementor-drop-cap{background-color:#69727d;color:#fff}.elementor-widget-text-editor.elementor-drop-cap-view-framed .elementor-drop-cap{color:#69727d;border:3px solid;background-color:transparent}.elementor-widget-text-editor:not(.elementor-drop-cap-view-default) .elementor-drop-cap{margin-top:8px}.elementor-widget-text-editor:not(.elementor-drop-cap-view-default) .elementor-drop-cap-letter{width:1em;height:1em}.elementor-widget-text-editor .elementor-drop-cap{float:left;text-align:center;line-height:1;font-size:50px}.elementor-widget-text-editor .elementor-drop-cap-letter{display:inline-block}<\/style>\t\t\t\t<p>The Argentine laboratory Qu\u00edmica Luar started its activity in the city of C\u00f3rdoba in the 1970s, producing and commercializing ophthalmologic, antimicrobial, inhaled antimicrobial and mucolytic drugs, with the aim of contributing to improve the quality of life of patients.<\/p>\n\t\t\t\t\t\t<\/div>\n\t\t\t\t<\/div>\n\t\t\t\t<div class=\"elementor-element elementor-element-df3cdc7 elementor-widget elementor-widget-button\" data-id=\"df3cdc7\" data-element_type=\"widget\" data-widget_type=\"button.default\">\n\t\t\t\t<div class=\"elementor-widget-container\">\n\t\t\t\t\t<div class=\"elementor-button-wrapper\">\n\t\t\t<a class=\"elementor-button elementor-button-link elementor-size-sm\" href=\"#conocer-mas\">\n\t\t\t\t\t\t<span class=\"elementor-button-content-wrapper\">\n\t\t\t\t\t\t\t\t\t<span class=\"elementor-button-text\">Learn more<\/span>\n\t\t\t\t\t<\/span>\n\t\t\t\t\t<\/a>\n\t\t<\/div>\n\t\t\t\t<\/div>\n\t\t\t\t<\/div>\n\t\t\t\t<\/div>\n\t\t<div class=\"elementor-element elementor-element-0327550 e-con-full e-flex e-con e-child\" data-id=\"0327550\" data-element_type=\"container\">\n\t\t\t\t<div class=\"elementor-element elementor-element-f57164c elementor-widget elementor-widget-html\" data-id=\"f57164c\" data-element_type=\"widget\" data-widget_type=\"html.default\">\n\t\t\t\t<div class=\"elementor-widget-container\">\n\t\t\t<iframe src=\"https:\/\/drive.google.com\/file\/d\/18aFy7JuuciOjWBBl4VW7HSlQB1jM9T40\/preview\" width=\"auto\" height=\"450\" allow=\"autoplay\"><\/iframe>\t\t<\/div>\n\t\t\t\t<\/div>\n\t\t\t\t<\/div>\n\t\t\t\t\t<\/div>\n\t\t\t\t<\/div>\n\t\t\t\t\t<\/div>\n\t\t\t\t<\/div>\n\t\t\t\t<\/div>\n\t\t<div class=\"elementor-element elementor-element-1a95da3 e-flex e-con-boxed e-con e-parent\" data-id=\"1a95da3\" data-element_type=\"container\" id=\"conocer-mas\">\n\t\t\t\t\t<div class=\"e-con-inner\">\n\t\t<div class=\"elementor-element elementor-element-24f860a e-con-full e-flex e-con e-child\" data-id=\"24f860a\" data-element_type=\"container\">\n\t\t\t\t<div class=\"elementor-element elementor-element-a6cdf6c elementor-widget elementor-widget-text-editor\" data-id=\"a6cdf6c\" data-element_type=\"widget\" data-widget_type=\"text-editor.default\">\n\t\t\t\t<div class=\"elementor-widget-container\">\n\t\t\t\t\t\t\t<div class=\"wpb_text_column wpb_content_element \">\n<div class=\"wpb_wrapper\">\n<p>We promote research and development of innovative products, addressing the concerns of the medical community regarding complex and poorly attended pathologies, such as Cystic Fibrosis. For this reason we have gained the recognition of professionals, maintaining their participation and growth in the market. In order to achieve this, we prioritize the training of our human resources, with the aim of attaining excellence.<\/p>\n<p>We are committed to work in the search for solutions for the adequate treatment of patients, distinguished by its permanent links with research organizations such as <a href=\"https:\/\/ceprocor.cba.gov.ar\/\" target=\"_blank\" rel=\"noopener noreferrer\">CEPROCOR<\/a>, the <a href=\"https:\/\/www.unc.edu.ar\/\" target=\"_blank\" rel=\"noopener noreferrer\">National University of Cordoba<\/a>, <a href=\"https:\/\/www.conicet.gov.ar\/\" target=\"_blank\" rel=\"noopener noreferrer\">CONICET<\/a> and other health institutions. Its objective is to generate products of the highest quality and therapeutic effectiveness under the slogan:<\/p>\n<\/div>\n<\/div>\n<div class=\"divider-wrap\" data-alignment=\"default\"> <\/div>\n\t\t\t\t\t\t<\/div>\n\t\t\t\t<\/div>\n\t\t\t\t<\/div>\n\t\t<div class=\"elementor-element elementor-element-e8d7706 e-con-full e-flex e-con e-child\" data-id=\"e8d7706\" data-element_type=\"container\">\n\t\t\t\t<div class=\"elementor-element elementor-element-43b1bc1 elementor-widget elementor-widget-image\" data-id=\"43b1bc1\" data-element_type=\"widget\" data-widget_type=\"image.default\">\n\t\t\t\t<div class=\"elementor-widget-container\">\n\t\t\t<style>\/*! elementor - v3.22.0 - 26-06-2024 *\/\n.elementor-widget-image{text-align:center}.elementor-widget-image a{display:inline-block}.elementor-widget-image a img[src$=\".svg\"]{width:48px}.elementor-widget-image img{vertical-align:middle;display:inline-block}<\/style>\t\t\t\t\t\t\t\t\t\t<img fetchpriority=\"high\" decoding=\"async\" width=\"1000\" height=\"667\" src=\"https:\/\/laboratoriosluar.com\/wp-content\/uploads\/2024\/07\/sobre-nosotros-side-img-1.webp\" class=\"attachment-large size-large wp-image-1179\" alt=\"\" \/>\t\t\t\t\t\t\t\t\t\t\t\t\t<\/div>\n\t\t\t\t<\/div>\n\t\t\t\t<\/div>\n\t\t\t\t\t<\/div>\n\t\t\t\t<\/div>\n\t\t<div class=\"elementor-element elementor-element-7cc0a3e e-flex e-con-boxed e-con e-child\" data-id=\"7cc0a3e\" data-element_type=\"container\">\n\t\t\t\t\t<div class=\"e-con-inner\">\n\t\t\t\t<div class=\"elementor-element elementor-element-8bff0a7 elementor-widget__width-initial elementor-widget elementor-widget-heading\" data-id=\"8bff0a7\" data-element_type=\"widget\" data-widget_type=\"heading.default\">\n\t\t\t\t<div class=\"elementor-widget-container\">\n\t\t\t<h3 class=\"elementor-heading-title elementor-size-default\">Innovation and development at the service of your life<\/h3>\t\t<\/div>\n\t\t\t\t<\/div>\n\t\t<div class=\"elementor-element elementor-element-0f9bd1f e-grid e-con-full e-con e-child\" data-id=\"0f9bd1f\" data-element_type=\"container\">\n\t\t<div class=\"elementor-element elementor-element-ed681ad e-con-full e-flex e-con e-child\" data-id=\"ed681ad\" data-element_type=\"container\">\n\t\t\t\t<div class=\"elementor-element elementor-element-1d6661f elementor-widget elementor-widget-image\" data-id=\"1d6661f\" data-element_type=\"widget\" data-widget_type=\"image.default\">\n\t\t\t\t<div class=\"elementor-widget-container\">\n\t\t\t\t\t\t\t\t\t\t\t\t\t<img decoding=\"async\" width=\"600\" height=\"600\" src=\"https:\/\/laboratoriosluar.com\/wp-content\/uploads\/2024\/07\/icon_vision.png\" class=\"attachment-large size-large wp-image-1185\" alt=\"\" \/>\t\t\t\t\t\t\t\t\t\t\t\t\t<\/div>\n\t\t\t\t<\/div>\n\t\t\t\t<div class=\"elementor-element elementor-element-ad989cb elementor-widget elementor-widget-heading\" data-id=\"ad989cb\" data-element_type=\"widget\" data-widget_type=\"heading.default\">\n\t\t\t\t<div class=\"elementor-widget-container\">\n\t\t\t<h5 class=\"elementor-heading-title elementor-size-default\">Vision<\/h5>\t\t<\/div>\n\t\t\t\t<\/div>\n\t\t\t\t<div class=\"elementor-element elementor-element-f14cb68 elementor-widget elementor-widget-text-editor\" data-id=\"f14cb68\" data-element_type=\"widget\" data-widget_type=\"text-editor.default\">\n\t\t\t\t<div class=\"elementor-widget-container\">\n\t\t\t\t\t\t\tTo improve people&#8217;s quality of life through our pharmaceutical products.\n\t\t\t\t\t\t<\/div>\n\t\t\t\t<\/div>\n\t\t\t\t<\/div>\n\t\t<div class=\"elementor-element elementor-element-c266c53 e-con-full e-flex e-con e-child\" data-id=\"c266c53\" data-element_type=\"container\">\n\t\t\t\t<div class=\"elementor-element elementor-element-789c669 elementor-widget elementor-widget-image\" data-id=\"789c669\" data-element_type=\"widget\" data-widget_type=\"image.default\">\n\t\t\t\t<div class=\"elementor-widget-container\">\n\t\t\t\t\t\t\t\t\t\t\t\t\t<img decoding=\"async\" width=\"300\" height=\"300\" src=\"https:\/\/laboratoriosluar.com\/wp-content\/uploads\/2024\/07\/icon_mision.png\" class=\"attachment-large size-large wp-image-1181\" alt=\"\" \/>\t\t\t\t\t\t\t\t\t\t\t\t\t<\/div>\n\t\t\t\t<\/div>\n\t\t\t\t<div class=\"elementor-element elementor-element-72c64d9 elementor-widget elementor-widget-heading\" data-id=\"72c64d9\" data-element_type=\"widget\" data-widget_type=\"heading.default\">\n\t\t\t\t<div class=\"elementor-widget-container\">\n\t\t\t<h5 class=\"elementor-heading-title elementor-size-default\">Mission<\/h5>\t\t<\/div>\n\t\t\t\t<\/div>\n\t\t\t\t<div class=\"elementor-element elementor-element-f48e55f elementor-widget elementor-widget-text-editor\" data-id=\"f48e55f\" data-element_type=\"widget\" data-widget_type=\"text-editor.default\">\n\t\t\t\t<div class=\"elementor-widget-container\">\n\t\t\t\t\t\t\tOur mission is to develop and produce innovative drugs\nquality, which guarantee a safe and effective therapy.\n\t\t\t\t\t\t<\/div>\n\t\t\t\t<\/div>\n\t\t\t\t<\/div>\n\t\t<div class=\"elementor-element elementor-element-b113046 e-con-full e-flex e-con e-child\" data-id=\"b113046\" data-element_type=\"container\">\n\t\t\t\t<div class=\"elementor-element elementor-element-ef58ab5 elementor-widget elementor-widget-image\" data-id=\"ef58ab5\" data-element_type=\"widget\" data-widget_type=\"image.default\">\n\t\t\t\t<div class=\"elementor-widget-container\">\n\t\t\t\t\t\t\t\t\t\t\t\t\t<img loading=\"lazy\" decoding=\"async\" width=\"300\" height=\"300\" src=\"https:\/\/laboratoriosluar.com\/wp-content\/uploads\/2024\/07\/icon_valores.png\" class=\"attachment-large size-large wp-image-1183\" alt=\"\" \/>\t\t\t\t\t\t\t\t\t\t\t\t\t<\/div>\n\t\t\t\t<\/div>\n\t\t\t\t<div class=\"elementor-element elementor-element-c3e09b3 elementor-widget elementor-widget-heading\" data-id=\"c3e09b3\" data-element_type=\"widget\" data-widget_type=\"heading.default\">\n\t\t\t\t<div class=\"elementor-widget-container\">\n\t\t\t<h5 class=\"elementor-heading-title elementor-size-default\">Values<\/h5>\t\t<\/div>\n\t\t\t\t<\/div>\n\t\t\t\t<div class=\"elementor-element elementor-element-45c8f6d elementor-widget elementor-widget-text-editor\" data-id=\"45c8f6d\" data-element_type=\"widget\" data-widget_type=\"text-editor.default\">\n\t\t\t\t<div class=\"elementor-widget-container\">\n\t\t\t\t\t\t\t<p>Commitment. <span style=\"font-family: var(--global-body-font-family);\">Pursuit of excellence. <\/span>Teamwork. <span style=\"font-family: var(--global-body-font-family);\">Pursuit of personal and professional fulfillment <\/span>of the people working in the company. <span style=\"font-family: var(--global-body-font-family);\">Mutual trust.<\/span><\/p>\n\t\t\t\t\t\t<\/div>\n\t\t\t\t<\/div>\n\t\t\t\t<\/div>\n\t\t\t\t<\/div>\n\t\t\t\t\t<\/div>\n\t\t\t\t<\/div>\n\t\t<div class=\"elementor-element elementor-element-aa3d1d7 e-flex e-con-boxed e-con e-parent\" data-id=\"aa3d1d7\" data-element_type=\"container\" data-settings=\"{&quot;background_background&quot;:&quot;gradient&quot;}\">\n\t\t\t\t\t<div class=\"e-con-inner\">\n\t\t<div class=\"elementor-element elementor-element-4463492 e-con-full e-flex e-con e-child\" data-id=\"4463492\" data-element_type=\"container\">\n\t\t\t\t<div class=\"elementor-element elementor-element-552e2fb elementor-widget elementor-widget-image\" data-id=\"552e2fb\" data-element_type=\"widget\" data-widget_type=\"image.default\">\n\t\t\t\t<div class=\"elementor-widget-container\">\n\t\t\t\t\t\t\t\t\t\t\t\t\t<img loading=\"lazy\" decoding=\"async\" width=\"400\" height=\"400\" src=\"https:\/\/laboratoriosluar.com\/wp-content\/uploads\/2024\/07\/luis.png\" class=\"attachment-large size-large wp-image-1190\" alt=\"\" \/>\t\t\t\t\t\t\t\t\t\t\t\t\t<\/div>\n\t\t\t\t<\/div>\n\t\t\t\t<\/div>\n\t\t<div class=\"elementor-element elementor-element-ac919a8 e-con-full e-flex e-con e-child\" data-id=\"ac919a8\" data-element_type=\"container\">\n\t\t\t\t<div class=\"elementor-element elementor-element-f054c78 glass-box elementor-widget elementor-widget-text-editor\" data-id=\"f054c78\" data-element_type=\"widget\" data-widget_type=\"text-editor.default\">\n\t\t\t\t<div class=\"elementor-widget-container\">\n\t\t\t\t\t\t\t<p><strong>Farm. Luis Arga\u00f1ar\u00e1s<\/strong>  (son) is the CEO behind Laboratorios Quimica Luar. A graduate of the School of Chemical Sciences at the Catholic University of C\u00f3rdoba, he followed his father&#8217;s legacy in the search for integral solutions for the service of people&#8217;s health.<\/p>\n<p>In addition to his dedication to Qu\u00edmica Luar, he actively collaborates with the health sector in C\u00f3rdoba acting as president of the Chamber of Health Industry of the Province of C\u00f3rdoba (CAISAL).<\/p>\n\t\t\t\t\t\t<\/div>\n\t\t\t\t<\/div>\n\t\t\t\t<\/div>\n\t\t\t\t\t<\/div>\n\t\t\t\t<\/div>\n\t\t\t\t<\/div>\n\t\t","protected":false},"excerpt":{"rendered":"<p>About Laboratorios Luar The Argentine laboratory Qu\u00edmica Luar started its activity in the city of C\u00f3rdoba in the 1970s, producing and commercializing ophthalmologic, antimicrobial, inhaled antimicrobial and mucolytic drugs, with the aim of contributing to improve the quality of life of patients. Learn more We promote research and development of innovative products, addressing the concerns&#8230;<\/p>\n","protected":false},"author":1,"featured_media":0,"parent":0,"menu_order":0,"comment_status":"closed","ping_status":"closed","template":"","meta":{"_seopress_robots_primary_cat":"","_seopress_titles_title":"","_seopress_titles_desc":"","_seopress_robots_index":"","_kad_post_transparent":"","_kad_post_title":"","_kad_post_layout":"","_kad_post_sidebar_id":"","_kad_post_content_style":"","_kad_post_vertical_padding":"","_kad_post_feature":"","_kad_post_feature_position":"","_kad_post_header":false,"_kad_post_footer":false,"footnotes":""},"class_list":["post-1275","page","type-page","status-publish","hentry"],"rttpg_featured_image_url":null,"rttpg_author":{"display_name":"mrmkt","author_link":"https:\/\/laboratoriosluar.com\/en\/author\/mrmkt\/"},"rttpg_comment":0,"rttpg_category":false,"rttpg_excerpt":"About Laboratorios Luar The Argentine laboratory Qu\u00edmica Luar started its activity in the city of C\u00f3rdoba in the 1970s, producing and commercializing ophthalmologic, antimicrobial, inhaled antimicrobial and mucolytic drugs, with the aim of contributing to improve the quality of life of patients. Learn more We promote research and development of innovative products, addressing the concerns...","_links":{"self":[{"href":"https:\/\/laboratoriosluar.com\/en\/wp-json\/wp\/v2\/pages\/1275","targetHints":{"allow":["GET"]}}],"collection":[{"href":"https:\/\/laboratoriosluar.com\/en\/wp-json\/wp\/v2\/pages"}],"about":[{"href":"https:\/\/laboratoriosluar.com\/en\/wp-json\/wp\/v2\/types\/page"}],"author":[{"embeddable":true,"href":"https:\/\/laboratoriosluar.com\/en\/wp-json\/wp\/v2\/users\/1"}],"replies":[{"embeddable":true,"href":"https:\/\/laboratoriosluar.com\/en\/wp-json\/wp\/v2\/comments?post=1275"}],"version-history":[{"count":1,"href":"https:\/\/laboratoriosluar.com\/en\/wp-json\/wp\/v2\/pages\/1275\/revisions"}],"predecessor-version":[{"id":1276,"href":"https:\/\/laboratoriosluar.com\/en\/wp-json\/wp\/v2\/pages\/1275\/revisions\/1276"}],"wp:attachment":[{"href":"https:\/\/laboratoriosluar.com\/en\/wp-json\/wp\/v2\/media?parent=1275"}],"curies":[{"name":"wp","href":"https:\/\/api.w.org\/{rel}","templated":true}]}}