{"id":1260,"date":"2024-07-07T01:46:29","date_gmt":"2024-07-06T23:46:29","guid":{"rendered":"https:\/\/laboratoriosluar.com\/news\/"},"modified":"2024-07-09T04:56:21","modified_gmt":"2024-07-09T02:56:21","slug":"news","status":"publish","type":"page","link":"https:\/\/laboratoriosluar.com\/en\/news\/","title":{"rendered":"News"},"content":{"rendered":"\t\t<div data-elementor-type=\"wp-page\" data-elementor-id=\"1260\" class=\"elementor elementor-1260 elementor-49\">\n\t\t\t\t<div class=\"elementor-element elementor-element-d016a7c e-flex e-con-boxed e-con e-parent\" data-id=\"d016a7c\" data-element_type=\"container\">\n\t\t\t\t\t<div class=\"e-con-inner\">\n\t\t\t\t<div class=\"elementor-element elementor-element-cd5c0a4 elementor-widget__width-initial elementor-widget elementor-widget-heading\" data-id=\"cd5c0a4\" data-element_type=\"widget\" data-widget_type=\"heading.default\">\n\t\t\t\t<div class=\"elementor-widget-container\">\n\t\t\t<style>\/*! elementor - v3.22.0 - 26-06-2024 *\/\n.elementor-heading-title{padding:0;margin:0;line-height:1}.elementor-widget-heading .elementor-heading-title[class*=elementor-size-]>a{color:inherit;font-size:inherit;line-height:inherit}.elementor-widget-heading .elementor-heading-title.elementor-size-small{font-size:15px}.elementor-widget-heading .elementor-heading-title.elementor-size-medium{font-size:19px}.elementor-widget-heading .elementor-heading-title.elementor-size-large{font-size:29px}.elementor-widget-heading .elementor-heading-title.elementor-size-xl{font-size:39px}.elementor-widget-heading .elementor-heading-title.elementor-size-xxl{font-size:59px}<\/style><h1 class=\"elementor-heading-title elementor-size-default\">News<\/h1>\t\t<\/div>\n\t\t\t\t<\/div>\n\t\t\t\t<div class=\"elementor-element elementor-element-6647c6f title_position_default title_hover_border_default title-default img_hover_animation_default grid-hover-overlay-type-always tpg-el-box-border-enable tpg-border-bottom-disable elementor-widget elementor-widget-tpg-grid-layout\" data-id=\"6647c6f\" data-element_type=\"widget\" data-widget_type=\"tpg-grid-layout.default\">\n\t\t\t\t<div class=\"elementor-widget-container\">\n\t\t\t\t\t<div class=\"rt-container-fluid rt-tpg-container tpg-el-main-wrapper clearfix grid-layout1-main \"\n\t\t\t id=\"rt-tpg-container-4056506823\"\n\t\t\t data-layout=\"grid-layout1\"\n\t\t\t data-grid-style=\"tpg-full-height\"\n\t\t\t data-sc-id=\"elementor\"\n\t\t\t data-el-settings=''\n\t\t\t data-el-query=''\n\t\t\t data-el-path=''\n\t\t>\n\n\t\t\t\t\t\t<div class='tpg-header-wrapper '>\n\t\t\t\t\t\t\t<\/div>\n\n\t\t\t<div data-title=\"Loading ...\" class=\"rt-row rt-content-loader grid-layout1 grid-behaviour tpg-full-height grid_layout_wrapper\">\n\t\t\t\t<div class=\"rt-col-md-4 rt-col-sm-6 rt-col-xs-12 default rt-grid-item post-1581 post type-post status-publish format-standard has-post-thumbnail hentry category-sin-categorizar\"\t\tdata-id=\"1581\">\n\t<div class=\"rt-holder tpg-post-holder\">\n\t\t<div class=\"rt-detail rt-el-content-wrapper\">\n\t\t\t\t\t\t\t<div class=\"rt-img-holder tpg-el-image-wrap has-thumbnail\">\n\t\t\t\t\t<a data-id=\"1581\" href=\"https:\/\/laboratoriosluar.com\/en\/laboratorios-luar-won-the-wipo-worldwide-award-2024\/\" class=\"tpg-post-link\" target=\"_self\">                        <img fetchpriority=\"high\" decoding=\"async\" src=\"https:\/\/laboratoriosluar.com\/wp-content\/uploads\/2024\/07\/Diseno-sin-titulo-43-768x589.png\"\n                             class=\"rt-img-responsive\"\n                             width=\"768\"\n                             height=\"589\"\n                             alt=\"Laboratorios Luar won the WIPO Worldwide Award 2024\">\n\t\t\t\t\t\t\n\t\t\t\t\t\t\t\n\t\t<\/a>\n\t\t        <div class=\"overlay grid-hover-content\"><\/div>\n\t\t\t\t\t\t<\/div>\n\t\t\t\n\t\t\t<div class=\"entry-title-wrapper\"><h3 class=\"entry-title\"><a data-id=\"1581\" href=\"https:\/\/laboratoriosluar.com\/en\/laboratorios-luar-won-the-wipo-worldwide-award-2024\/\" class=\"tpg-post-link\" target=\"_self\">Laboratorios Luar won the WIPO Worldwide Award 2024<\/a><\/h3><\/div>\n\t\t\t\n\n\t\t\t\t\t\t\t<div class=\"tpg-excerpt tpg-el-excerpt\">\n\t\t\t\t\t\t\t\t\t\t\t<div class=\"tpg-excerpt-inner\">\n\t\t\t\t\t\t\tGeneva, Switzerland. Our Lab won the WIPO 2024 Global Awards, recognizing our innovation and creativity. This prestigious honor validates our dedication to turning ideas into tangible solutions that...\t\t\t\t\t\t<\/div>\n\t\t\t\t\t\t\t\t\t\t\t\t\t\t<\/div>\n\t\t\t\n\t\t\t\t\t<\/div>\n\t<\/div>\n<\/div>\n<div class=\"rt-col-md-4 rt-col-sm-6 rt-col-xs-12 default rt-grid-item post-468 post type-post status-publish format-standard has-post-thumbnail hentry category-news\"\t\tdata-id=\"468\">\n\t<div class=\"rt-holder tpg-post-holder\">\n\t\t<div class=\"rt-detail rt-el-content-wrapper\">\n\t\t\t\t\t\t\t<div class=\"rt-img-holder tpg-el-image-wrap has-thumbnail\">\n\t\t\t\t\t<a data-id=\"468\" href=\"https:\/\/laboratoriosluar.com\/en\/our-lab-won-two-eikon-2023-awards\/\" class=\"tpg-post-link\" target=\"_self\">                        <img decoding=\"async\" src=\"https:\/\/laboratoriosluar.com\/wp-content\/uploads\/2024\/07\/Nuestro-Laboratorio-gano-dos-Premios-Eikon-2023-768x512.jpeg\"\n                             class=\"rt-img-responsive\"\n                             width=\"768\"\n                             height=\"512\"\n                             alt=\"Our Lab won two Eikon 2023 Awards\">\n\t\t\t\t\t\t\n\t\t\t\t\t\t\t\n\t\t<\/a>\n\t\t        <div class=\"overlay grid-hover-content\"><\/div>\n\t\t\t\t\t\t<\/div>\n\t\t\t\n\t\t\t<div class=\"entry-title-wrapper\"><h3 class=\"entry-title\"><a data-id=\"468\" href=\"https:\/\/laboratoriosluar.com\/en\/our-lab-won-two-eikon-2023-awards\/\" class=\"tpg-post-link\" target=\"_self\">Our Lab won two Eikon 2023 Awards<\/a><\/h3><\/div>\n\t\t\t\n\n\t\t\t\t\t\t\t<div class=\"tpg-excerpt tpg-el-excerpt\">\n\t\t\t\t\t\t\t\t\t\t\t<div class=\"tpg-excerpt-inner\">\n\t\t\t\t\t\t\tOur Laboratory stood out in the Eikon 2023 Awards for excellence in Institutional Communication, winning two statuettes for the short film Luarprofeno: la otra respiraci\u00f3n: &#8211; Gold Eikon in the...\t\t\t\t\t\t<\/div>\n\t\t\t\t\t\t\t\t\t\t\t\t\t\t<\/div>\n\t\t\t\n\t\t\t\t\t<\/div>\n\t<\/div>\n<\/div>\n<div class=\"rt-col-md-4 rt-col-sm-6 rt-col-xs-12 default rt-grid-item post-1475 post type-post status-publish format-standard has-post-thumbnail hentry category-sin-categorizar\"\t\tdata-id=\"1475\">\n\t<div class=\"rt-holder tpg-post-holder\">\n\t\t<div class=\"rt-detail rt-el-content-wrapper\">\n\t\t\t\t\t\t\t<div class=\"rt-img-holder tpg-el-image-wrap has-thumbnail\">\n\t\t\t\t\t<a data-id=\"1475\" href=\"https:\/\/laboratoriosluar.com\/en\/clarin-luar-a-cordoba-laboratory-with-20-international-patents\/\" class=\"tpg-post-link\" target=\"_self\">                        <img decoding=\"async\" src=\"https:\/\/laboratoriosluar.com\/wp-content\/uploads\/2023\/08\/4nlpNHvfD_2000x1500__1-768x576.jpg\"\n                             class=\"rt-img-responsive\"\n                             width=\"768\"\n                             height=\"576\"\n                             alt=\"Clar\u00edn &#8211; Luar, a C\u00f3rdoba laboratory with 20 international patents\">\n\t\t\t\t\t\t\n\t\t\t\t\t\t\t\n\t\t<\/a>\n\t\t        <div class=\"overlay grid-hover-content\"><\/div>\n\t\t\t\t\t\t<\/div>\n\t\t\t\n\t\t\t<div class=\"entry-title-wrapper\"><h3 class=\"entry-title\"><a data-id=\"1475\" href=\"https:\/\/laboratoriosluar.com\/en\/clarin-luar-a-cordoba-laboratory-with-20-international-patents\/\" class=\"tpg-post-link\" target=\"_self\">Clar\u00edn &#8211; Luar, a C\u00f3rdoba laboratory with 20 international patents<\/a><\/h3><\/div>\n\t\t\t\n\n\t\t\t\t\t\t\t<div class=\"tpg-excerpt tpg-el-excerpt\">\n\t\t\t\t\t\t\t\t\t\t\t<div class=\"tpg-excerpt-inner\">\n\t\t\t\t\t\t\tLaboratorios Qu\u00edmica Luar&nbsp; is a company that, shortly after celebrating half a century in Argentina, was awarded with theSME Lifetime Achievement Award 2022. Among other accomplishments over half...\t\t\t\t\t\t<\/div>\n\t\t\t\t\t\t\t\t\t\t\t\t\t\t<\/div>\n\t\t\t\n\t\t\t\t\t<\/div>\n\t<\/div>\n<\/div>\n<div class=\"rt-col-md-4 rt-col-sm-6 rt-col-xs-12 default rt-grid-item post-915 post type-post status-publish format-standard has-post-thumbnail hentry category-news category-sin-categorizar\"\t\tdata-id=\"915\">\n\t<div class=\"rt-holder tpg-post-holder\">\n\t\t<div class=\"rt-detail rt-el-content-wrapper\">\n\t\t\t\t\t\t\t<div class=\"rt-img-holder tpg-el-image-wrap has-thumbnail\">\n\t\t\t\t\t<a data-id=\"915\" href=\"https:\/\/laboratoriosluar.com\/en\/coronavirus-cordobas-therapy-protocol-is-described-in-detail\/\" class=\"tpg-post-link\" target=\"_self\">                        <img loading=\"lazy\" decoding=\"async\" src=\"https:\/\/laboratoriosluar.com\/wp-content\/uploads\/2024\/07\/Coronavirus-detallan-como-es-el-protocolo-de-la-terapia-cordobesa-768x512.jpg\"\n                             class=\"rt-img-responsive\"\n                             width=\"768\"\n                             height=\"512\"\n                             alt=\"Coronavirus: Cordoba&#8217;s therapy protocol is described in detail\">\n\t\t\t\t\t\t\n\t\t\t\t\t\t\t\n\t\t<\/a>\n\t\t        <div class=\"overlay grid-hover-content\"><\/div>\n\t\t\t\t\t\t<\/div>\n\t\t\t\n\t\t\t<div class=\"entry-title-wrapper\"><h3 class=\"entry-title\"><a data-id=\"915\" href=\"https:\/\/laboratoriosluar.com\/en\/coronavirus-cordobas-therapy-protocol-is-described-in-detail\/\" class=\"tpg-post-link\" target=\"_self\">Coronavirus: Cordoba&#8217;s therapy protocol is described in detail<\/a><\/h3><\/div>\n\t\t\t\n\n\t\t\t\t\t\t\t<div class=\"tpg-excerpt tpg-el-excerpt\">\n\t\t\t\t\t\t\t\t\t\t\t<div class=\"tpg-excerpt-inner\">\n\t\t\t\t\t\t\tThe investigator in charge of the trial with nebulizable ibuprofen assures that there are controls and it complies with regulations. The Cordoba Medical Council criticized the haste in releasing the...\t\t\t\t\t\t<\/div>\n\t\t\t\t\t\t\t\t\t\t\t\t\t\t<\/div>\n\t\t\t\n\t\t\t\t\t<\/div>\n\t<\/div>\n<\/div>\n<div class=\"rt-col-md-4 rt-col-sm-6 rt-col-xs-12 default rt-grid-item post-910 post type-post status-publish format-standard has-post-thumbnail hentry category-news\"\t\tdata-id=\"910\">\n\t<div class=\"rt-holder tpg-post-holder\">\n\t\t<div class=\"rt-detail rt-el-content-wrapper\">\n\t\t\t\t\t\t\t<div class=\"rt-img-holder tpg-el-image-wrap has-thumbnail\">\n\t\t\t\t\t<a data-id=\"910\" href=\"https:\/\/laboratoriosluar.com\/en\/cystic-fibrosis-and-luarprofeno\/\" class=\"tpg-post-link\" target=\"_self\">                        <img loading=\"lazy\" decoding=\"async\" src=\"https:\/\/laboratoriosluar.com\/wp-content\/uploads\/2024\/07\/Fibrosis-Quistica-y-Luarprofeno-768x512.jpg\"\n                             class=\"rt-img-responsive\"\n                             width=\"768\"\n                             height=\"512\"\n                             alt=\"Cystic Fibrosis and Luarprofeno\">\n\t\t\t\t\t\t\n\t\t\t\t\t\t\t\n\t\t<\/a>\n\t\t        <div class=\"overlay grid-hover-content\"><\/div>\n\t\t\t\t\t\t<\/div>\n\t\t\t\n\t\t\t<div class=\"entry-title-wrapper\"><h3 class=\"entry-title\"><a data-id=\"910\" href=\"https:\/\/laboratoriosluar.com\/en\/cystic-fibrosis-and-luarprofeno\/\" class=\"tpg-post-link\" target=\"_self\">Cystic Fibrosis and Luarprofeno<\/a><\/h3><\/div>\n\t\t\t\n\n\t\t\t\t\t\t\t<div class=\"tpg-excerpt tpg-el-excerpt\">\n\t\t\t\t\t\t\t\t\t\t\t<div class=\"tpg-excerpt-inner\">\n\t\t\t\t\t\t\tIn 2014, a group of researchers from Ceprocoras part of the joint work carried out with our Laboratory, began research for the development of an innovative application aimed at treating severe...\t\t\t\t\t\t<\/div>\n\t\t\t\t\t\t\t\t\t\t\t\t\t\t<\/div>\n\t\t\t\n\t\t\t\t\t<\/div>\n\t<\/div>\n<\/div>\n\t\t\t<\/div>\n\t\t\t\n\t\t<\/div>\n\t\t\t\t<\/div>\n\t\t\t\t<\/div>\n\t\t\t\t\t<\/div>\n\t\t\t\t<\/div>\n\t\t\t\t<\/div>\n\t\t","protected":false},"excerpt":{"rendered":"<p>News Nuestro Laboratorio gan\u00f3 dos Premios Eikon 2023 Nuestro Laboratorio se destac\u00f3 en los Premios Eikon 2023 a la excelencia en Comunicaci\u00f3n Institucional, resultando ganador de dos estatuillas por el cortometraje Luarprofeno: la otra respiraci\u00f3n: \u2013&#8230; La Voz \u2013 Covid-19: una huella profunda Tras la pandemia del coronavirus que sacudi\u00f3 al mundo, los estados adoptaron&#8230;<\/p>\n","protected":false},"author":1,"featured_media":0,"parent":0,"menu_order":0,"comment_status":"closed","ping_status":"closed","template":"","meta":{"_seopress_robots_primary_cat":"","_seopress_titles_title":"","_seopress_titles_desc":"","_seopress_robots_index":"","_kad_post_transparent":"","_kad_post_title":"","_kad_post_layout":"","_kad_post_sidebar_id":"","_kad_post_content_style":"","_kad_post_vertical_padding":"","_kad_post_feature":"","_kad_post_feature_position":"","_kad_post_header":false,"_kad_post_footer":false,"footnotes":""},"class_list":["post-1260","page","type-page","status-publish","hentry"],"rttpg_featured_image_url":null,"rttpg_author":{"display_name":"mrmkt","author_link":"https:\/\/laboratoriosluar.com\/en\/author\/mrmkt\/"},"rttpg_comment":0,"rttpg_category":"","rttpg_excerpt":"News Nuestro Laboratorio gan\u00f3 dos Premios Eikon 2023 Nuestro Laboratorio se destac\u00f3 en los Premios Eikon 2023 a la excelencia en Comunicaci\u00f3n Institucional, resultando ganador de dos estatuillas por el cortometraje Luarprofeno: la otra respiraci\u00f3n: \u2013&#8230; La Voz \u2013 Covid-19: una huella profunda Tras la pandemia del coronavirus que sacudi\u00f3 al mundo, los estados adoptaron...","_links":{"self":[{"href":"https:\/\/laboratoriosluar.com\/en\/wp-json\/wp\/v2\/pages\/1260","targetHints":{"allow":["GET"]}}],"collection":[{"href":"https:\/\/laboratoriosluar.com\/en\/wp-json\/wp\/v2\/pages"}],"about":[{"href":"https:\/\/laboratoriosluar.com\/en\/wp-json\/wp\/v2\/types\/page"}],"author":[{"embeddable":true,"href":"https:\/\/laboratoriosluar.com\/en\/wp-json\/wp\/v2\/users\/1"}],"replies":[{"embeddable":true,"href":"https:\/\/laboratoriosluar.com\/en\/wp-json\/wp\/v2\/comments?post=1260"}],"version-history":[{"count":2,"href":"https:\/\/laboratoriosluar.com\/en\/wp-json\/wp\/v2\/pages\/1260\/revisions"}],"predecessor-version":[{"id":1262,"href":"https:\/\/laboratoriosluar.com\/en\/wp-json\/wp\/v2\/pages\/1260\/revisions\/1262"}],"wp:attachment":[{"href":"https:\/\/laboratoriosluar.com\/en\/wp-json\/wp\/v2\/media?parent=1260"}],"curies":[{"name":"wp","href":"https:\/\/api.w.org\/{rel}","templated":true}]}}